{"id":1119,"date":"2019-04-30T08:09:57","date_gmt":"2019-04-30T08:09:57","guid":{"rendered":"http:\/\/oriozen.fr\/?post_type=product&#038;p=1119"},"modified":"2026-03-02T09:28:23","modified_gmt":"2026-03-02T09:28:23","slug":"02-brosses-a-dents-soladey","status":"publish","type":"product","link":"https:\/\/oriozen.fr\/?product=02-brosses-a-dents-soladey","title":{"rendered":"02 Brosses \u00e0 dents SOLADEY"},"content":{"rendered":"<p>La technologie photo\u00e9lectrique (sans pile) au service de vos dents. Le corps de la brosse int\u00e8gre un \u00e9l\u00e9ment brevet\u00e9 : une tige en dioxyde de titane semi-conducteur et photosensible qui convertit la lumi\u00e8re en ions n\u00e9gatifs. M\u00eal\u00e9s \u00e0 la salive, ils d\u00e9truisent les bact\u00e9ries et neutralisent la plaque dentaire.<\/p>\n<h6>COMMENT CELA MARCHE :<\/h6>\n<p>Expos\u00e9e \u00e0 n\u2019importe quelle source lumineuse :<\/p>\n<ul>\n<li>Une lumi\u00e8re fluorescente de salle de bains<\/li>\n<li>Une ampoule ordinaire<\/li>\n<li>La lumi\u00e8re du soleil,<\/li>\n<\/ul>\n<p>La tige en titane photosensible \u00e0 l\u2019int\u00e9rieur de Soladey convertit la lumi\u00e8re en ions n\u00e9gatifs.<\/p>\n<p>Ces \u00e9lectrons, charg\u00e9s n\u00e9gativement, se m\u00e9langent avec la salive pour attirer les ions positifs (d\u2019hydrog\u00e8ne) de l\u2019acide de la plaque dentaire. L\u2019acide est alors neutralis\u00e9 et la plaque est d\u00e9sagr\u00e9g\u00e9e.<\/p>\n<p>Le dentifrice n\u2019est pas n\u00e9cessaire car l\u2019eau (salive) est l\u2019\u00e9l\u00e9ment actif.<\/p>\n<p>Vous y gagnez en hygi\u00e8ne et en \u00e9conomie et vous n\u2019avez pas besoin d\u2019utiliser de dentifrice (qui risque de contenir de la g\u00e9latine animale).<br \/>\nIl est possible de ne changer que la t\u00eate de brosse \u00e0 dents et ceci aussi souvent que vous remplaceriez une brosse \u00e0 dents standard.<\/p>\n","protected":false},"excerpt":{"rendered":"<p>La technologie photo\u00e9lectrique (sans pile) au service de vos dents. Le corps de la brosse int\u00e8gre un \u00e9l\u00e9ment brevet\u00e9 : une tige en dioxyde de titane semi-conducteur et photosensible qui convertit la lumi\u00e8re en ions n\u00e9gatifs. M\u00eal\u00e9s \u00e0 la salive, ils d\u00e9truisent les bact\u00e9ries et neutralisent la plaque dentaire. COMMENT CELA MARCHE : Expos\u00e9e \u00e0<\/p>\n","protected":false},"featured_media":1127,"comment_status":"open","ping_status":"closed","template":"","meta":[],"product_cat":[109],"product_tag":[116,117],"class_list":{"0":"post-1119","1":"product","2":"type-product","3":"status-publish","4":"has-post-thumbnail","6":"product_cat-soins-dentaires","7":"product_tag-dents","8":"product_tag-soins","10":"first","11":"instock","12":"taxable","13":"shipping-taxable","14":"purchasable","15":"product-type-simple"},"_links":{"self":[{"href":"https:\/\/oriozen.fr\/index.php?rest_route=\/wp\/v2\/product\/1119","targetHints":{"allow":["GET"]}}],"collection":[{"href":"https:\/\/oriozen.fr\/index.php?rest_route=\/wp\/v2\/product"}],"about":[{"href":"https:\/\/oriozen.fr\/index.php?rest_route=\/wp\/v2\/types\/product"}],"replies":[{"embeddable":true,"href":"https:\/\/oriozen.fr\/index.php?rest_route=%2Fwp%2Fv2%2Fcomments&post=1119"}],"wp:featuredmedia":[{"embeddable":true,"href":"https:\/\/oriozen.fr\/index.php?rest_route=\/wp\/v2\/media\/1127"}],"wp:attachment":[{"href":"https:\/\/oriozen.fr\/index.php?rest_route=%2Fwp%2Fv2%2Fmedia&parent=1119"}],"wp:term":[{"taxonomy":"product_cat","embeddable":true,"href":"https:\/\/oriozen.fr\/index.php?rest_route=%2Fwp%2Fv2%2Fproduct_cat&post=1119"},{"taxonomy":"product_tag","embeddable":true,"href":"https:\/\/oriozen.fr\/index.php?rest_route=%2Fwp%2Fv2%2Fproduct_tag&post=1119"}],"curies":[{"name":"wp","href":"https:\/\/api.w.org\/{rel}","templated":true}]}}