{"id":1046,"date":"2019-04-28T20:29:00","date_gmt":"2019-04-28T20:29:00","guid":{"rendered":"http:\/\/oriozen.fr\/?post_type=product&#038;p=1046"},"modified":"2019-07-26T19:20:03","modified_gmt":"2019-07-26T19:20:03","slug":"02-bouteilles-mineral-gold","status":"publish","type":"product","link":"https:\/\/oriozen.fr\/?product=02-bouteilles-mineral-gold","title":{"rendered":"02 BOUTEILLES MINERAL GOLD (2 x 240 ml)"},"content":{"rendered":"<ul>\n<li><strong>Redonne du tonus et supprime l\u2019insomnie<\/strong><\/li>\n<li><strong>Acc\u00e9l\u00e8re la r\u00e9cup\u00e9ration apr\u00e8s l\u2019effort<\/strong><\/li>\n<li><strong>Restaure l\u2019auto-d\u00e9fense du corps<\/strong><\/li>\n<li><strong>Redynamise<\/strong><\/li>\n<li><strong>Remin\u00e9ralise partout o\u00f9 il y a carence \u00ab Une v\u00e9ritable mine d\u2019or pour votre corps \u00bb<\/strong><\/li>\n<\/ul>\n<p>&nbsp;<\/p>\n<p><strong>Une histoire extraordinaire :<\/strong><br \/>\nEn 1920 un fermier souffrant de calculs r\u00e9naux absorbe une lamp\u00e9e d\u2019eau dans le creux de sa main et remplit une gourde pour poursuivre le traitement.<\/p>\n<p>Au bout de quelques semaines, le fermier se sent l\u00e9ger et libre de ses mouvements :<br \/>\nSes calculs r\u00e9naux ont totalement disparu !<\/p>\n<p>Il fait donc essayer son eau \u00e0 des proches qui, comme lui, souffrent de calculs r\u00e9naux. Ils sont \u00e9merveill\u00e9s par les r\u00e9sultats. Et puis, chemin faisant, l\u2019eau est bue par des gens souffrant de divers maux : articulaires, digestifs, circulatoires. On l\u2019essaye m\u00eame sur la peau, pour effacer une vilaine acn\u00e9 ou traiter un psoriasis.\u00a0M\u00eame succ\u00e8s.<\/p>\n<p>C\u2019est alors que notre fermier fait proc\u00e9der d\u2019urgence \u00e0 une \u00e9tude g\u00e9ologique du sous-sol.<br \/>\n<strong><em>\u00ab Les g\u00e9ologues, raconte le petit-fils du fermier, ont d\u00e9couvert que les terrains environnants contenaient des<\/em> \u00ab poches \u00bb de plantes pr\u00e9historiques semi-fossilis\u00e9es miraculeusement pr\u00e9serv\u00e9es depuis 150 millions d\u2019ann\u00e9es. \u00bb<\/strong><\/p>\n<p><strong>Les Miracles des Collo\u00efdes :<\/strong><br \/>\nDes recherches pouss\u00e9es en laboratoire ont r\u00e9v\u00e9l\u00e9 la pr\u00e9sence exceptionnelle et enti\u00e8rement naturelle de 72 \u00e0 77 min\u00e9raux et oligo-\u00e9l\u00e9ments sous forme collo\u00efdale.<\/p>\n<p>Les collo\u00efdes extraient les toxines et les m\u00e9taux lourds hors de nos cellules, et en m\u00eame temps, ils d\u00e9posent le min\u00e9ral ou oligo-\u00e9l\u00e9ment qu\u2019ils r\u00e9c\u00e8lent, r\u00e9activant les fonctions cellulaires et renfor\u00e7ant le syst\u00e8me immunitaire.<\/p>\n<p>Le Dr. La Faye attach\u00e9 au Centre de Recherches Am\u00e9ricain sur le m\u00e9tabolisme va m\u00eame jusqu\u2019\u00e0 dire :<em><strong> \u00ab Sans ces min\u00e9raux et oligo-\u00e9l\u00e9ments collo\u00efdaux, le processus de rajeunissement cellulaire ne peut se produire. \u00bb <\/strong><strong>\u00ab En fournissant aux cellules quelques 72 min\u00e9raux-traces, la solution collo\u00efdale Min\u00e9ral Gold nettoie les cellules en profondeur et restaure de mani\u00e8re spectaculaire l\u2019\u00e9quilibre min\u00e9ral de l\u2019organisme. \u00bb<\/strong><\/em><\/p>\n<p><strong>Puissant optimisateur de terrain<\/strong><br \/>\nLe Dr. Michael Zimmerman, chef de service dans une clinique d\u2019Uberlingen sp\u00e9cialis\u00e9e dans le traitement des cas chroniques va m\u00eame encore plus loin en concluant \u00e0 l\u2019issue d\u2019essais cliniques<br \/>\n<strong><em>\u00ab Le corps humain a besoin de la totalit\u00e9 de ces min\u00e9raux-traces pour fabriquer des enzymes et des<\/em> hormones, et comme notre nourriture est de plus en plus pauvre et carenc\u00e9e, le nombre de maladies ne fait qu\u2019augmenter. \u00bb<\/strong><\/p>\n<p>Nous vieillissons plus vite, d\u00e9veloppons toutes sortes de maladies chroniques et nous mourrons avant l\u2019heure.<\/p>\n<p><strong>Un produit aux nombreux bienfaits<\/strong><br \/>\nLes t\u00e9moignages enthousiastes que nous avons re\u00e7us, dans des domaines aussi vari\u00e9s que la disparition d\u2019allergie alimentaire, les taches de vieillesse att\u00e9nu\u00e9es, le visage rajeuni, une am\u00e9lioration de l\u2019\u00e9tat g\u00e9n\u00e9ral, se sentir beaucoup plus d\u00e9tendu etc&#8230; corroborent le fait qu\u2019une remin\u00e9ralisation g\u00e9n\u00e9rale du terrain peut permettre au corps d\u2019accomplir toutes ses fonctions de pr\u00e9vention et de se garder en bonne sant\u00e9.<\/p>\n<p><strong>Min\u00e9ral Gold fabuleux pr\u00e9ventif<\/strong><br \/>\nPour la petite histoire, signalons que Linus Pauling (prix Nobel pour ses travaux de chimie mol\u00e9culaire et prix Nobel de la paix) consommait r\u00e9guli\u00e8rement cette eau \u00ab th\u00e9rapeutique \u00bb et en \u00e9tait devenu un des plus fervents prescripteurs. Il est aujourd\u2019hui imit\u00e9 par des milliers de consommateurs avis\u00e9s qui savent que leur nourriture est carrenc\u00e9e en oligo-\u00e9l\u00e9ments, \u00e0 cause des engrais chimiques qui appauvrissent les sols de nos campagnes. Ils savent aussi que la pollution et le stress accentuent les effets d\u00e9vastateurs de ces carences.<\/p>\n<blockquote><p><strong>Conseils d\u2019utilisation :<\/strong><br \/>\nNous sugg\u00e9rons de diluer une cuill\u00e8re \u00e0 caf\u00e9 de MINERAL GOLD par repas (1 \u00e0 3 gouttes pour les enfants de moins de 12 ans) dans un verre d\u2019eau faiblement min\u00e9ralis\u00e9e.<\/p>\n<p>Cette proportion est adaptable en fonction des bienfaits constat\u00e9s et des soulagements recherch\u00e9s.<\/p><\/blockquote>\n","protected":false},"excerpt":{"rendered":"<p>Redonne du tonus et supprime l\u2019insomnie Acc\u00e9l\u00e8re la r\u00e9cup\u00e9ration apr\u00e8s l\u2019effort Restaure l\u2019auto-d\u00e9fense du corps Redynamise Remin\u00e9ralise partout o\u00f9 il y a carence \u00ab Une v\u00e9ritable mine d\u2019or pour votre corps \u00bb &nbsp; Une histoire extraordinaire : En 1920 un fermier souffrant de calculs r\u00e9naux absorbe une lamp\u00e9e d\u2019eau dans le creux de sa main<\/p>\n","protected":false},"featured_media":1075,"comment_status":"open","ping_status":"closed","template":"","meta":[],"product_cat":[108],"product_tag":[112,114,111,113,115],"class_list":{"0":"post-1046","1":"product","2":"type-product","3":"status-publish","4":"has-post-thumbnail","6":"product_cat-mineraux-et-oligo-elements","7":"product_tag-colloides","8":"product_tag-gold","9":"product_tag-insomnie","10":"product_tag-mineral","11":"product_tag-mineral-gold","13":"first","14":"instock","15":"taxable","16":"shipping-taxable","17":"purchasable","18":"product-type-simple"},"_links":{"self":[{"href":"https:\/\/oriozen.fr\/index.php?rest_route=\/wp\/v2\/product\/1046","targetHints":{"allow":["GET"]}}],"collection":[{"href":"https:\/\/oriozen.fr\/index.php?rest_route=\/wp\/v2\/product"}],"about":[{"href":"https:\/\/oriozen.fr\/index.php?rest_route=\/wp\/v2\/types\/product"}],"replies":[{"embeddable":true,"href":"https:\/\/oriozen.fr\/index.php?rest_route=%2Fwp%2Fv2%2Fcomments&post=1046"}],"wp:featuredmedia":[{"embeddable":true,"href":"https:\/\/oriozen.fr\/index.php?rest_route=\/wp\/v2\/media\/1075"}],"wp:attachment":[{"href":"https:\/\/oriozen.fr\/index.php?rest_route=%2Fwp%2Fv2%2Fmedia&parent=1046"}],"wp:term":[{"taxonomy":"product_cat","embeddable":true,"href":"https:\/\/oriozen.fr\/index.php?rest_route=%2Fwp%2Fv2%2Fproduct_cat&post=1046"},{"taxonomy":"product_tag","embeddable":true,"href":"https:\/\/oriozen.fr\/index.php?rest_route=%2Fwp%2Fv2%2Fproduct_tag&post=1046"}],"curies":[{"name":"wp","href":"https:\/\/api.w.org\/{rel}","templated":true}]}}