{"id":56,"date":"2016-09-20T17:24:04","date_gmt":"2016-09-20T17:24:04","guid":{"rendered":"http:\/\/demo.presslayouts.com\/emallshop\/general\/?page_id=56"},"modified":"2019-05-02T01:59:28","modified_gmt":"2019-05-02T01:59:28","slug":"faq","status":"publish","type":"page","link":"https:\/\/oriozen.fr\/?page_id=56","title":{"rendered":"FAQ"},"content":{"rendered":"<p>[vc_row][vc_column][ultimate_fancytext fancytext_prefix=&#8221;Questions Fr\u00e9quentes&#8221; fancytext_suffix=&#8221;.&#8221; strings_textspeed=&#8221;35&#8243; strings_backspeed=&#8221;0&#8243; fancytext_tag=&#8221;h2&#8243; fancytext_strings=&#8221;Commandes<br \/>\nLivraison<br \/>\nRetour<br \/>\nConditions&#8221; strings_font_style=&#8221;font-weight:bold;&#8221; fancytext_color=&#8221;#0ba2e8&#8243; prefsuf_font_style=&#8221;font-weight:bold;&#8221;][vc_column_text]<strong>Vous trouverez ici les r\u00e9ponses aux questions fr\u00e9quemment pos\u00e9es sur notre boutique en ligne et sur le traitement de votre commande.<\/strong>[\/vc_column_text][\/vc_column][\/vc_row][vc_row][vc_column][lsvr_accordion toggle=&#8221;yes&#8221; inview_anim=&#8221;bounce&#8221;][lsvr_accordion_item title=&#8221;Comment puis-je voir ce qu\u2019il en est de ma commande ?&#8221;]Si vous vous \u00eates enregistr\u00e9 \u00e0 la boutique en ligne, vous pouvez consulter vos donn\u00e9es personnelles et vos donn\u00e9es de commande en cliquant sur: <a href=\"https:\/\/oriozen.fr\/mon-compte\/\">MON COMPTE<\/a> apr\u00e8s vous \u00eatre connect\u00e9. Vous pouvez aussi faire un suivi en ligne de la livraison de votre commande en <a href=\"https:\/\/oriozen.fr\/mon-compte-2\/suivi-commandes\/\">CLIQUANT ICI<\/a>[\/lsvr_accordion_item][lsvr_accordion_item title=&#8221;\u00c0 combien s\u2019\u00e9l\u00e8vent les frais d\u2019exp\u00e9dition ?&#8221;]<\/p>\n<h2>Prix Colissimo 2019 pour la France\u00a0 (y compris la Corse, Monaco et Andorre)<\/h2>\n<table class=\" alignleft\" width=\"619\">\n<thead>\n<tr style=\"border-style: solid; border-color: #736f6f; background-color: #ded7d7;\">\n<td style=\"width: 272px;\">Poids<\/td>\n<td style=\"width: 331px;\">Tarif Colissimo 2019 \u2013 France<\/td>\n<\/tr>\n<\/thead>\n<tbody>\n<tr>\n<td style=\"width: 272px;\">jusqu&#8217;\u00e0\u00a0250 g<\/td>\n<td style=\"width: 331px;\">4,95 \u20ac<\/td>\n<\/tr>\n<tr>\n<td style=\"width: 272px;\">jusqu&#8217;\u00e0\u00a0500 g<\/td>\n<td style=\"width: 331px;\">6,25 \u20ac<\/td>\n<\/tr>\n<tr>\n<td style=\"width: 272px;\">jusqu&#8217;\u00e0\u00a0750 g<\/td>\n<td style=\"width: 331px;\">7,10 \u20ac<\/td>\n<\/tr>\n<tr>\n<td style=\"width: 272px;\">jusqu&#8217;\u00e0\u00a01 kg<\/td>\n<td style=\"width: 331px;\">7,75 \u20ac<\/td>\n<\/tr>\n<tr>\n<td style=\"width: 272px;\">jusqu&#8217;\u00e0\u00a02 kg<\/td>\n<td style=\"width: 331px;\">8,80 \u20ac<\/td>\n<\/tr>\n<tr>\n<td style=\"width: 272px;\">jusqu&#8217;\u00e0\u00a05 kg<\/td>\n<td style=\"width: 331px;\">13,35 \u20ac<\/td>\n<\/tr>\n<tr>\n<td style=\"width: 272px;\">jusqu&#8217;\u00e0\u00a010 kg<\/td>\n<td style=\"width: 331px;\">19,50 \u20ac<\/td>\n<\/tr>\n<tr>\n<td style=\"width: 272px;\">jusqu&#8217;\u00e0\u00a030 kg<\/td>\n<td style=\"width: 331px;\">27,70 \u20ac<\/td>\n<\/tr>\n<\/tbody>\n<\/table>\n<p>[\/lsvr_accordion_item][lsvr_accordion_item title=&#8221;Comment puis-je payer ?&#8221;]<strong>PayPal:<\/strong><br \/>\nDans ce cas, n&#8217;h\u00e9sitez pas \u00e0 utiliser ce mode de paiement. Sinon, ouvrez un compte PayPal sur <a href=\"http:\/\/www.paypal.fr\/\" target=\"_blank\" rel=\"noopener noreferrer\">www.paypal.fr.<\/a>\u00a0Ce compte vous permettra \u00e9galement \u00e0 l&#8217;avenir de faire des achats rapidement et en toute s\u00e9curit\u00e9 dans de nombreuses boutiques en ligne internationales.<\/p>\n<p><strong>Carte Bleue:<br \/>\n<\/strong>R\u00e9gler votre commande par Carte Bleue est tr\u00e8s facile et confortable. Pour payer avec la Carte Bleue, s\u00e9lectionnez Carte Bleue comme mode de paiement lors de l\u2019ex\u00e9cution de votre commande. Via l&#8217;environnement s\u00e9curis\u00e9 de Carte Bleue vous pouvez effectuer et confirmer le paiement. C&#8217;est tout, le paiement est d\u00e9j\u00e0 termin\u00e9[\/lsvr_accordion_item][\/lsvr_accordion][\/vc_column][\/vc_row]<\/p>\n","protected":false},"excerpt":{"rendered":"<p>[vc_row][vc_column][ultimate_fancytext fancytext_prefix=&#8221;Questions Fr\u00e9quentes&#8221; fancytext_suffix=&#8221;.&#8221; strings_textspeed=&#8221;35&#8243; strings_backspeed=&#8221;0&#8243; fancytext_tag=&#8221;h2&#8243; fancytext_strings=&#8221;Commandes Livraison Retour Conditions&#8221; strings_font_style=&#8221;font-weight:bold;&#8221; fancytext_color=&#8221;#0ba2e8&#8243; prefsuf_font_style=&#8221;font-weight:bold;&#8221;][vc_column_text]Vous trouverez ici les r\u00e9ponses aux questions fr\u00e9quemment pos\u00e9es sur notre boutique en ligne et sur le traitement de votre commande.[\/vc_column_text][\/vc_column][\/vc_row][vc_row][vc_column][lsvr_accordion toggle=&#8221;yes&#8221; inview_anim=&#8221;bounce&#8221;][lsvr_accordion_item title=&#8221;Comment puis-je voir ce qu\u2019il en est de ma commande ?&#8221;]Si vous vous \u00eates enregistr\u00e9 \u00e0 la boutique en<\/p>\n","protected":false},"author":1,"featured_media":0,"parent":0,"menu_order":0,"comment_status":"closed","ping_status":"closed","template":"","meta":{"footnotes":""},"class_list":["post-56","page","type-page","status-publish","hentry"],"_links":{"self":[{"href":"https:\/\/oriozen.fr\/index.php?rest_route=\/wp\/v2\/pages\/56","targetHints":{"allow":["GET"]}}],"collection":[{"href":"https:\/\/oriozen.fr\/index.php?rest_route=\/wp\/v2\/pages"}],"about":[{"href":"https:\/\/oriozen.fr\/index.php?rest_route=\/wp\/v2\/types\/page"}],"author":[{"embeddable":true,"href":"https:\/\/oriozen.fr\/index.php?rest_route=\/wp\/v2\/users\/1"}],"replies":[{"embeddable":true,"href":"https:\/\/oriozen.fr\/index.php?rest_route=%2Fwp%2Fv2%2Fcomments&post=56"}],"version-history":[{"count":6,"href":"https:\/\/oriozen.fr\/index.php?rest_route=\/wp\/v2\/pages\/56\/revisions"}],"predecessor-version":[{"id":1235,"href":"https:\/\/oriozen.fr\/index.php?rest_route=\/wp\/v2\/pages\/56\/revisions\/1235"}],"wp:attachment":[{"href":"https:\/\/oriozen.fr\/index.php?rest_route=%2Fwp%2Fv2%2Fmedia&parent=56"}],"curies":[{"name":"wp","href":"https:\/\/api.w.org\/{rel}","templated":true}]}}