{"id":47,"date":"2016-09-20T17:20:49","date_gmt":"2016-09-20T17:20:49","guid":{"rendered":"http:\/\/demo.presslayouts.com\/emallshop\/general\/?page_id=44"},"modified":"2019-07-23T12:42:01","modified_gmt":"2019-07-23T12:42:01","slug":"qui-sommes-nous","status":"publish","type":"page","link":"https:\/\/oriozen.fr\/?page_id=47","title":{"rendered":"Qui sommes-nous"},"content":{"rendered":"<p>[vc_row][vc_column width=&#8221;2\/3&#8243;][vc_column_text css_animation=&#8221;bounceInLeft&#8221;]<span style=\"font-family: 'trebuchet ms', geneva, sans-serif; font-size: 14pt;\">Bonjour et bienvenue sur le site <strong>Oriozen<\/strong>.<\/span><\/p>\n<p><span style=\"font-family: 'trebuchet ms', geneva, sans-serif; font-size: 14pt;\"><strong>Florence<\/strong> et <strong>Bruno<\/strong> sont heureux de vous y retrouver. Apr\u00e8s plusieurs ann\u00e9es de pr\u00e9sence sur les 2 march\u00e9s Bio de Paris. <\/span><\/p>\n<p><span style=\"font-family: 'trebuchet ms', geneva, sans-serif; font-size: 14pt;\">Celui de Batignolles le samedi matin et celui de Raspail le dimanche matin vous avez maintenant la possibilit\u00e9 de retrouver notre s\u00e9lection de ce que nous consid\u00e9rons comme les meilleurs produits naturels ou qui se rapporte \u00e0 la sant\u00e9 et au bien-\u00eatre sur cette boutique en ligne s\u00e9curis\u00e9e en 3D Secure par la Banque Populaire.<\/span><\/p>\n<p><span style=\"font-family: 'trebuchet ms', geneva, sans-serif; font-size: 14pt;\">Nous vous souhaitons une excellente journ\u00e9e et une tr\u00e8s bonne sant\u00e9.<\/span>[\/vc_column_text][\/vc_column][vc_column width=&#8221;1\/3&#8243;][vc_single_image image=&#8221;1449&#8243; img_size=&#8221;medium&#8221; style=&#8221;vc_box_shadow&#8221; onclick=&#8221;link_image&#8221; css_animation=&#8221;bounceIn&#8221;][\/vc_column][\/vc_row][vc_row][vc_column][vc_empty_space][lsvr_divider][vc_empty_space][\/vc_column][\/vc_row][vc_row][vc_column width=&#8221;1\/2&#8243;][vc_single_image image=&#8221;1062&#8243; img_size=&#8221;full&#8221;][\/vc_column][vc_column width=&#8221;1\/2&#8243;][vc_custom_heading text=&#8221;ORIOLI sarl&#8221; use_theme_fonts=&#8221;yes&#8221;][vc_column_text][lsvr_accordion toggle=&#8221;no&#8221; inview_anim=&#8221;none&#8221;]<\/p>\n<p>&nbsp;<\/p>\n<p>[\/lsvr_accordion]ORIOLI, soci\u00e9t\u00e9 \u00e0 responsabilit\u00e9 limit\u00e9e est en activit\u00e9 depuis 16 ans. Implant\u00e9e \u00e0 VILLEJUIF (94800)<\/p>\n<h3 class=\"Card__title no-mt underline\">Renseignements juridiques<\/h3>\n<table id=\"rensjur\" class=\"Table identity mt-16\">\n<tbody>\n<tr>\n<td>D\u00e9nomination<\/td>\n<td>ORIOLI<\/td>\n<\/tr>\n<tr>\n<td>Adresse<\/td>\n<td><a>ORIOLI, 58 RUE JEAN BAPTISTE BAUDIN 94800 VILLEJUIF<\/a><\/td>\n<\/tr>\n<tr>\n<td><\/td>\n<td><\/td>\n<\/tr>\n<tr>\n<td>SIREN<\/td>\n<td class=\"numdisplay\">445\u00a0335\u00a0672 \u00a0 \u00a0 \u00a0 \u00a0 \u00a0 \u00a0 \u00a0 APE 4932Z<\/td>\n<\/tr>\n<tr>\n<td>SIRET (siege)<\/td>\n<td>44533567200017<\/td>\n<\/tr>\n<tr>\n<td>N\u00b0 de TVA Intracommunautaire<\/td>\n<td>\n<div id=\"aboutement-tva-click\">FR 32445335672<\/div>\n<\/td>\n<\/tr>\n<tr>\n<td><\/td>\n<td><\/td>\n<\/tr>\n<tr>\n<td><\/td>\n<td><\/td>\n<\/tr>\n<tr>\n<td><\/td>\n<td><\/td>\n<\/tr>\n<\/tbody>\n<\/table>\n<p>[\/vc_column_text][\/vc_column][\/vc_row]<\/p>\n","protected":false},"excerpt":{"rendered":"<p>[vc_row][vc_column width=&#8221;2\/3&#8243;][vc_column_text css_animation=&#8221;bounceInLeft&#8221;]Bonjour et bienvenue sur le site Oriozen. Florence et Bruno sont heureux de vous y retrouver. Apr\u00e8s plusieurs ann\u00e9es de pr\u00e9sence sur les 2 march\u00e9s Bio de Paris. Celui de Batignolles le samedi matin et celui de Raspail le dimanche matin vous avez maintenant la possibilit\u00e9 de retrouver notre s\u00e9lection de ce que<\/p>\n","protected":false},"author":1,"featured_media":0,"parent":0,"menu_order":0,"comment_status":"closed","ping_status":"closed","template":"","meta":{"footnotes":""},"class_list":["post-47","page","type-page","status-publish","hentry"],"_links":{"self":[{"href":"https:\/\/oriozen.fr\/index.php?rest_route=\/wp\/v2\/pages\/47","targetHints":{"allow":["GET"]}}],"collection":[{"href":"https:\/\/oriozen.fr\/index.php?rest_route=\/wp\/v2\/pages"}],"about":[{"href":"https:\/\/oriozen.fr\/index.php?rest_route=\/wp\/v2\/types\/page"}],"author":[{"embeddable":true,"href":"https:\/\/oriozen.fr\/index.php?rest_route=\/wp\/v2\/users\/1"}],"replies":[{"embeddable":true,"href":"https:\/\/oriozen.fr\/index.php?rest_route=%2Fwp%2Fv2%2Fcomments&post=47"}],"version-history":[{"count":17,"href":"https:\/\/oriozen.fr\/index.php?rest_route=\/wp\/v2\/pages\/47\/revisions"}],"predecessor-version":[{"id":1470,"href":"https:\/\/oriozen.fr\/index.php?rest_route=\/wp\/v2\/pages\/47\/revisions\/1470"}],"wp:attachment":[{"href":"https:\/\/oriozen.fr\/index.php?rest_route=%2Fwp%2Fv2%2Fmedia&parent=47"}],"curies":[{"name":"wp","href":"https:\/\/api.w.org\/{rel}","templated":true}]}}