{"id":200,"date":"2016-09-23T17:08:28","date_gmt":"2016-09-23T17:08:28","guid":{"rendered":"http:\/\/demo.presslayouts.com\/emallshop\/general\/?page_id=200"},"modified":"2019-11-11T13:36:32","modified_gmt":"2019-11-11T13:36:32","slug":"accueil","status":"publish","type":"page","link":"https:\/\/oriozen.fr\/","title":{"rendered":"Accueil"},"content":{"rendered":"<p>[vc_row][vc_column][rev_slider_vc alias=&#8221;lifeline_new&#8221;][\/vc_column][\/vc_row][vc_row css=&#8221;.vc_custom_1474964546718{margin-top: 25px !important;}&#8221;][vc_column][ultimate_heading main_heading=&#8221;BIENVENUE SUR ORIOZEN&#8221; main_heading_font_family=&#8221;font_family:Archivo Black|font_call:Archivo+Black&#8221; sub_heading_font_family=&#8221;font_family:ABeeZee|font_call:ABeeZee&#8221; margin_design_tab_text=&#8221;&#8221;]<\/p>\n<h3>Nous s\u00e9lectionnons les meilleurs produits Zen que nous avons test\u00e9s nous m\u00eame avant mise en vente, nous choisissons avec beaucoup d&#8217;attention les produits que nous mettons \u00e0 votre disposition en ligne. C&#8217;est pour cela que vous n&#8217;aurez aucun mal a trouver votre bonheur sur Oriozen.<\/h3>\n<p>[\/ultimate_heading][vc_empty_space height=&#8221;64px&#8221;][\/vc_column][\/vc_row][vc_row][vc_column]<div class=\"woocommerce columns-4\"><ul class=\"products\"><li class=\"product-category product first\">\r\n\t<a href=\"https:\/\/oriozen.fr\/?product_cat=divers\"><img loading=\"lazy\" decoding=\"async\" src=\"https:\/\/www.oriozen.fr\/wp-content\/uploads\/2019\/05\/sans-titre-3-300x300.jpeg\" alt=\"Produits de protections divers\" width=\"300\" height=\"300\" srcset=\"https:\/\/www.oriozen.fr\/wp-content\/uploads\/2019\/05\/sans-titre-3-300x300.jpeg 300w, https:\/\/www.oriozen.fr\/wp-content\/uploads\/2019\/05\/sans-titre-3-205x205.jpeg 205w, https:\/\/www.oriozen.fr\/wp-content\/uploads\/2019\/05\/sans-titre-3-420x420.jpeg 420w, https:\/\/www.oriozen.fr\/wp-content\/uploads\/2019\/05\/sans-titre-3-100x100.jpeg 100w, https:\/\/www.oriozen.fr\/wp-content\/uploads\/2019\/05\/sans-titre-3-600x600.jpeg 600w, https:\/\/www.oriozen.fr\/wp-content\/uploads\/2019\/05\/sans-titre-3-370x370.jpeg 370w, https:\/\/www.oriozen.fr\/wp-content\/uploads\/2019\/05\/sans-titre-3-75x75.jpeg 75w\" sizes=\"auto, (max-width: 300px) 100vw, 300px\" \/>\t\t<h2 class=\"woocommerce-loop-category__title\">\n\t\t\tProduits de protections divers <mark class=\"count\">(1)<\/mark>\t\t<\/h2>\n\t\t<\/a><\/li>\r\n<li class=\"product-category product\">\r\n\t<a href=\"https:\/\/oriozen.fr\/?product_cat=mineraux-et-oligo-elements\"><img loading=\"lazy\" decoding=\"async\" src=\"https:\/\/www.oriozen.fr\/wp-content\/uploads\/2019\/06\/20190601_092718-1-300x300.jpg\" alt=\"Min\u00e9raux et oligo-\u00e9l\u00e9ments\" width=\"300\" height=\"300\" srcset=\"https:\/\/www.oriozen.fr\/wp-content\/uploads\/2019\/06\/20190601_092718-1-300x300.jpg 300w, https:\/\/www.oriozen.fr\/wp-content\/uploads\/2019\/06\/20190601_092718-1-205x205.jpg 205w, https:\/\/www.oriozen.fr\/wp-content\/uploads\/2019\/06\/20190601_092718-1-420x420.jpg 420w, https:\/\/www.oriozen.fr\/wp-content\/uploads\/2019\/06\/20190601_092718-1-100x100.jpg 100w, https:\/\/www.oriozen.fr\/wp-content\/uploads\/2019\/06\/20190601_092718-1-600x600.jpg 600w, https:\/\/www.oriozen.fr\/wp-content\/uploads\/2019\/06\/20190601_092718-1-370x370.jpg 370w, https:\/\/www.oriozen.fr\/wp-content\/uploads\/2019\/06\/20190601_092718-1-75x75.jpg 75w\" sizes=\"auto, (max-width: 300px) 100vw, 300px\" \/>\t\t<h2 class=\"woocommerce-loop-category__title\">\n\t\t\tMin\u00e9raux et oligo-\u00e9l\u00e9ments <mark class=\"count\">(5)<\/mark>\t\t<\/h2>\n\t\t<\/a><\/li>\r\n<li class=\"product-category product\">\r\n\t<a href=\"https:\/\/oriozen.fr\/?product_cat=soins-dentaires\"><img loading=\"lazy\" decoding=\"async\" src=\"https:\/\/www.oriozen.fr\/wp-content\/uploads\/2019\/05\/dents-blanches-bicarbonate-de-soude-300x300.jpg\" alt=\"Soins dentaires\" width=\"300\" height=\"300\" srcset=\"https:\/\/www.oriozen.fr\/wp-content\/uploads\/2019\/05\/dents-blanches-bicarbonate-de-soude-e1556718913916.jpg 300w, https:\/\/www.oriozen.fr\/wp-content\/uploads\/2019\/05\/dents-blanches-bicarbonate-de-soude-e1556718895267-205x205.jpg 205w, https:\/\/www.oriozen.fr\/wp-content\/uploads\/2019\/05\/dents-blanches-bicarbonate-de-soude-e1556718895267-100x100.jpg 100w, https:\/\/www.oriozen.fr\/wp-content\/uploads\/2019\/05\/dents-blanches-bicarbonate-de-soude-e1556718895267-75x75.jpg 75w\" sizes=\"auto, (max-width: 300px) 100vw, 300px\" \/>\t\t<h2 class=\"woocommerce-loop-category__title\">\n\t\t\tSoins dentaires <mark class=\"count\">(2)<\/mark>\t\t<\/h2>\n\t\t<\/a><\/li>\r\n<li class=\"product-category product last\">\r\n\t<a href=\"https:\/\/oriozen.fr\/?product_cat=shungite\"><img loading=\"lazy\" decoding=\"async\" src=\"https:\/\/www.oriozen.fr\/wp-content\/uploads\/2019\/05\/yoga-3889185_1920-300x300.jpg\" alt=\"shungite\" width=\"300\" height=\"300\" srcset=\"https:\/\/www.oriozen.fr\/wp-content\/uploads\/2019\/05\/yoga-3889185_1920-300x300.jpg 300w, https:\/\/www.oriozen.fr\/wp-content\/uploads\/2019\/05\/yoga-3889185_1920-205x205.jpg 205w, https:\/\/www.oriozen.fr\/wp-content\/uploads\/2019\/05\/yoga-3889185_1920-420x420.jpg 420w, https:\/\/www.oriozen.fr\/wp-content\/uploads\/2019\/05\/yoga-3889185_1920-100x100.jpg 100w, https:\/\/www.oriozen.fr\/wp-content\/uploads\/2019\/05\/yoga-3889185_1920-600x600.jpg 600w, https:\/\/www.oriozen.fr\/wp-content\/uploads\/2019\/05\/yoga-3889185_1920-370x370.jpg 370w, https:\/\/www.oriozen.fr\/wp-content\/uploads\/2019\/05\/yoga-3889185_1920-75x75.jpg 75w\" sizes=\"auto, (max-width: 300px) 100vw, 300px\" \/>\t\t<h2 class=\"woocommerce-loop-category__title\">\n\t\t\tshungite <mark class=\"count\">(1)<\/mark>\t\t<\/h2>\n\t\t<\/a><\/li>\r\n<\/ul><\/div>[\/vc_column][\/vc_row]<\/p>\n","protected":false},"excerpt":{"rendered":"<p>[vc_row][vc_column][rev_slider_vc alias=&#8221;lifeline_new&#8221;][\/vc_column][\/vc_row][vc_row css=&#8221;.vc_custom_1474964546718{margin-top: 25px !important;}&#8221;][vc_column][ultimate_heading main_heading=&#8221;BIENVENUE SUR ORIOZEN&#8221; main_heading_font_family=&#8221;font_family:Archivo Black|font_call:Archivo+Black&#8221; sub_heading_font_family=&#8221;font_family:ABeeZee|font_call:ABeeZee&#8221; margin_design_tab_text=&#8221;&#8221;] Nous s\u00e9lectionnons les meilleurs produits Zen que nous avons test\u00e9s nous m\u00eame avant mise en vente, nous choisissons avec beaucoup d&#8217;attention les produits que nous mettons \u00e0 votre disposition en ligne. C&#8217;est pour cela que vous n&#8217;aurez aucun mal a trouver votre bonheur<\/p>\n","protected":false},"author":1,"featured_media":0,"parent":0,"menu_order":0,"comment_status":"closed","ping_status":"closed","template":"","meta":{"footnotes":""},"class_list":["post-200","page","type-page","status-publish","hentry"],"_links":{"self":[{"href":"https:\/\/oriozen.fr\/index.php?rest_route=\/wp\/v2\/pages\/200","targetHints":{"allow":["GET"]}}],"collection":[{"href":"https:\/\/oriozen.fr\/index.php?rest_route=\/wp\/v2\/pages"}],"about":[{"href":"https:\/\/oriozen.fr\/index.php?rest_route=\/wp\/v2\/types\/page"}],"author":[{"embeddable":true,"href":"https:\/\/oriozen.fr\/index.php?rest_route=\/wp\/v2\/users\/1"}],"replies":[{"embeddable":true,"href":"https:\/\/oriozen.fr\/index.php?rest_route=%2Fwp%2Fv2%2Fcomments&post=200"}],"version-history":[{"count":38,"href":"https:\/\/oriozen.fr\/index.php?rest_route=\/wp\/v2\/pages\/200\/revisions"}],"predecessor-version":[{"id":3510,"href":"https:\/\/oriozen.fr\/index.php?rest_route=\/wp\/v2\/pages\/200\/revisions\/3510"}],"wp:attachment":[{"href":"https:\/\/oriozen.fr\/index.php?rest_route=%2Fwp%2Fv2%2Fmedia&parent=200"}],"curies":[{"name":"wp","href":"https:\/\/api.w.org\/{rel}","templated":true}]}}