{"id":1404,"date":"2019-05-28T16:42:38","date_gmt":"2019-05-28T16:42:38","guid":{"rendered":"https:\/\/oriozen.fr\/?page_id=1404"},"modified":"2019-05-28T17:20:10","modified_gmt":"2019-05-28T17:20:10","slug":"canneberge-2","status":"publish","type":"page","link":"https:\/\/oriozen.fr\/?page_id=1404","title":{"rendered":"Canneberge"},"content":{"rendered":"<p>[vc_row][vc_column width=&#8221;1\/2&#8243; icons_position=&#8221;left&#8221;][vc_column_text]<strong>D\u00e9sinfectant des voies urinaires, la canneberge, appel\u00e9e aussi cranberry, peut s&#8217;utiliser en cas de trouble de la miction ou en simple pr\u00e9vention. La canneberge inhibe le d\u00e9veloppement des germes pathog\u00e8nes. Tr\u00e8s riche en vitamine C, elle poss\u00e8de \u00e9galement des vertus antioxydante.<\/strong><\/p>\n<p><strong>Nom scientifique :<\/strong> <em>Vaccinum macrocarpon<\/em><\/p>\n<p><strong>Noms communs :<\/strong> canneberge (airelle \u00e0 gros fruits)<\/p>\n<p><strong>Nom anglais :<\/strong> <em>cranberry<\/em><\/p>\n<p><strong>Classification botanique :<\/strong> plante de la famille des \u00e9ricac\u00e9es ( <em>Ericaceae<\/em> )<\/p>\n<p><strong>Formes et pr\u00e9parations :<\/strong> fruits frais, fruits s\u00e9ch\u00e9s, jus de fruit, g\u00e9lules de poudre de fruits, g\u00e9lules d&#8217;extraits titr\u00e9s<\/p>\n<h2 id=\"proprietes-medicinales-de-la-canneberge\">Propri\u00e9t\u00e9s m\u00e9dicinales de la canneberge<\/h2>\n<h3>EN UTILISATION INTERNE<\/h3>\n<p>Effet pr\u00e9ventif ou curatif dans les cas de cystites. Aide \u00e0 lutter contre les bact\u00e9ries et les germes responsables des infections urinaires (l&#8217;<em>Escherichia coli<\/em>, par exemple). Contribue au nettoyage et \u00e0 la purification du syst\u00e8me r\u00e9nal. Renforce les d\u00e9fenses immunitaires.<\/p>\n<h3>EN UTILISATION EXTERNE<\/h3>\n<p>Aucune.<\/p>\n<h3>INDICATIONS TH\u00c9RAPEUTIQUES USUELLES<\/h3>\n<p>Cystites et infections urinaires, en synergie avec la bruy\u00e8re.<\/p>\n<p>Autres indications th\u00e9rapeutiques<\/p>\n<p>Stimulation de l&#8217;\u00e9limination, antioxydant, effet anti-\u00e2ge.<\/p>\n<h2 id=\"histoire-de-l-utilisation-de-la-canneberge-en-phytotherapie\">Histoire de l&#8217;utilisation de la canneberge en phytoth\u00e9rapie<\/h2>\n<p>L&#8217;utilisation m\u00e9dicinale et culinaire des baies de canneberge d\u00e9bute chez les Am\u00e9rindiens, qui nommaient la plante <em>atoka<\/em> . Elles \u00e9taient incorpor\u00e9es \u00e0 de nombreux plats, au point de faire partie de la nourriture de base de cette population. En parall\u00e8le, les Am\u00e9rindiens employaient la canneberge \u00e0 des fins th\u00e9rapeutiques, comme poudre d\u00e9sinfectante et cicatrisante. Ils avaient aussi d\u00e9couvert ses propri\u00e9t\u00e9s d\u00e9sinfectantes des voies urinaires.<\/p>\n<p>Les Europ\u00e9ens d\u00e9couvrirent les baies de cranberry lors de leur arriv\u00e9e aux Am\u00e9riques. Durant les grandes d\u00e9couvertes, la canneberge, riche en vitamine C, fut utilis\u00e9e pour lutter contre le scorbut, \u00e0 bord des navires qui traversaient l&#8217;Atlantique. D\u00e8s le XIXe si\u00e8cle, des botanistes anglais et am\u00e9ricains se lanc\u00e8rent dans la culture de la canneberge. A partir de 1920, aux Etats-Unis, elle fut prescrite par les m\u00e9decins, pour lutter contre les infections urinaires.<\/p>\n<p>Les principes actifs de la canneberge ne furent cependant \u00e9tudi\u00e9s que dans les ann\u00e9es 1980, \u00e9poque \u00e0 laquelle les scientifiques d\u00e9couvrirent des substances modifiant la composition de l&#8217;urine, au point d&#8217;emp\u00eacher une invasion par des bact\u00e9ries comme l&#8217; <em>Escherichia coli<\/em> . La canneberge est toujours utilis\u00e9e aujourd&#8217;hui, pour r\u00e9duire le recours aux antibiotiques, lors d&#8217;infections urinaires chroniques ou r\u00e9cidivantes.<\/p>\n<h2 id=\"description-botanique-de-la-canneberge\">Description botanique de la canneberge<\/h2>\n<p>La canneberge est une grande airelle rouge, appel\u00e9e &#8220;cranberry&#8221; dans les pays anglophones, o\u00f9 elle est tr\u00e8s appr\u00e9ci\u00e9e et bien plus connue qu&#8217;en France. Elle appartient \u00e0 la famille botanique des \u00e9ricac\u00e9es et s&#8217;apparente \u00e0 l&#8217;airelle ou \u00e0 la myrtille. Les plants de canneberge se pr\u00e9sentent comme des petits arbustes de 30 cm de haut, tapissants, qui poussent principalement dans les tourbi\u00e8res du Nord des Etats-Unis. En d&#8217;autres termes, la canneberge est une plante qui appr\u00e9cie les sols humides et acides. C&#8217;est un petit buisson, au feuillage vert fonc\u00e9 et brillant, persistant, devenant, en hiver, roux fonc\u00e9. La floraison (petites fleurs roses) a lieu \u00e0 la fin du printemps et en \u00e9t\u00e9, pour une r\u00e9colte des fruits \u00e0 l&#8217;automne. Les baies de cranberry sont rouges et d&#8217;environ 2 cm de diam\u00e8tre.<\/p>\n<h2 id=\"composition-de-la-canneberge\">Composition de la canneberge<\/h2>\n<h3>PARTIES UTILIS\u00c9ES<\/h3>\n<p>Les fruits frais ou en jus, en confiture ou en gel\u00e9e.<\/p>\n<h3>PRINCIPES ACTIFS<\/h3>\n<p>Outre des glucides simples (glucose, fructose, saccharose, et D-mannose) et une s\u00e9rie d&#8217;acides (benzo\u00efque, citrique, malique, quinique, ph\u00e9nolique, hydroxycinnamique, organique), la canneberge contient de la vitamine C, des anthocyanosides, des flavono\u00efdes ainsi que de nombreux tanins (proanthocyanidols, \u00e9picat\u00e9chols et polym\u00e8res, dont diff\u00e9rentes formes d&#8217;\u00e9picat\u00e9chine).<\/p>\n<h2 id=\"utilisation-et-posologie-de-la-canneberge\">Utilisation et posologie de la canneberge<\/h2>\n<h3>DOSAGE<\/h3>\n<p>On trouve aujourd&#8217;hui des baies fra\u00eeches de canneberge, mais aussi des baies s\u00e9ch\u00e9es. Ces pr\u00e9parations ne constituent pas, \u00e0 proprement parler, des m\u00e9dicaments de phytoth\u00e9rapie, mais plut\u00f4t des aliments &#8220;forme&#8221;. On peut croquer des baies s\u00e9ch\u00e9es de canneberge en hiver, pour stimuler l&#8217;\u00e9nergie ou le syst\u00e8me immunitaire, comme on grignoterait quelques raisins secs. Le jus reste l&#8217;une des pr\u00e9parations les plus consomm\u00e9es, qu&#8217;il s&#8217;agisse de concentr\u00e9 ou de cocktails plus dilu\u00e9s (m\u00e9lang\u00e9s \u00e0 de l&#8217;eau et \u00e0 du sucre). Les g\u00e9lules et les capsules contiennent soit du jus d\u00e9shydrat\u00e9, soit de la poudre de baie. En raison de l&#8217;effet diur\u00e9tique de la canneberge, il convient d&#8217;accompagner les g\u00e9lules de beaucoup d&#8217;eau. Certaines pr\u00e9parations sont plus concentr\u00e9es, ce sont les extraits titr\u00e9s.<\/p>\n<p>&#8211; Contre les infections urinaires, il faut boire entre 250 ml et 500 ml par jour de cocktail de canneberge ou 80 \u00e0 160 ml de jus de fruits pur.<\/p>\n<p>&#8211; La dose quotidienne d&#8217;extraits de plante (capsules ou g\u00e9lules) est de 300 \u00e0 400 mg par jour.<\/p>\n<h2 id=\"precautions-d-emploi-de-la-canneberge\">Pr\u00e9cautions d&#8217;emploi de la canneberge<\/h2>\n<p>La canneberge et son jus, qui se pr\u00e9sente comme un concentr\u00e9 des composants de la plante, sont riches en flavono\u00efdes et en acides ph\u00e9noliques. Des interactions avec les anticoagulants sont donc possibles.<\/p>\n<h3>CONTRE-INDICATIONS<\/h3>\n<p>Un avis m\u00e9dical est recommand\u00e9 en cas de prise d&#8217;anticoagulants, la canneberge pouvant potentialiser l&#8217;effet du m\u00e9dicament. Faible risque d&#8217; h\u00e9morragie.<\/p>\n<h3>EFFETS IND\u00c9SIRABLES<\/h3>\n<p>Diarrh\u00e9es, en cas d&#8217;ingestion d&#8217;une trop grande quantit\u00e9 de jus.<\/p>\n<h3>INTERACTIONS AVEC DES PLANTES M\u00c9DICINALES OU DES COMPL\u00c9MENTS<\/h3>\n<p>La canneberge contient de la vitamine C, il faut en tenir compte en cas de suppl\u00e9mentation. Effet combin\u00e9 \u00e0 celui de la bruy\u00e8re, comme d\u00e9sinfectant des voies urinaires.<\/p>\n<h3>INTERACTIONS AVEC DES M\u00c9DICAMENTS<\/h3>\n<p>La prise simultan\u00e9e de canneberge et d&#8217;anticoagulants peut entra\u00eener un risque d&#8217;h\u00e9morragie.<\/p>\n<p>&nbsp;<\/p>\n<h3>DES BIENFAITS RECONNUS<\/h3>\n<p>La canneberge permet de pr\u00e9venir assez efficacement les cystites chez les femmes pr\u00e9dispos\u00e9es \u00e0 ce type d&#8217;infections. L&#8217;int\u00e9r\u00eat est de limiter la prise d&#8217;antibiotiques et d&#8217;espacer les crises. On l&#8217;emploie aussi pour soigner les infections des voies urinaires, pour lesquelles son action est cependant moins reconnue. Comme de nombreux fruits rouges et petits fruits, la canneberge contribuerait au bon fonctionnement du syst\u00e8me cardio-vasculaire.<\/p>\n<h3>AVERTISSEMENT<\/h3>\n<p>En cas de troubles urinaires persistants, r\u00e9cidivants ou graves (avec saignements, par exemple), la prise de pr\u00e9parations \u00e0 base de cranberry ne dispense pas d&#8217;une consultation m\u00e9dicale.[\/vc_column_text][\/vc_column][vc_column width=&#8221;1\/2&#8243;][vc_single_image image=&#8221;1214&#8243; img_size=&#8221;large&#8221; alignment=&#8221;center&#8221; style=&#8221;vc_box_shadow_3d&#8221; css_animation=&#8221;bounceIn&#8221;][\/vc_column][\/vc_row][vc_row][vc_column icons_position=&#8221;left&#8221;][lsvr_divider][\/vc_column][\/vc_row][vc_row][vc_column]<div class=\"woocommerce columns-4 \"><\/div>[\/vc_column][\/vc_row]<\/p>\n","protected":false},"excerpt":{"rendered":"<p>[vc_row][vc_column width=&#8221;1\/2&#8243; icons_position=&#8221;left&#8221;][vc_column_text]D\u00e9sinfectant des voies urinaires, la canneberge, appel\u00e9e aussi cranberry, peut s&#8217;utiliser en cas de trouble de la miction ou en simple pr\u00e9vention. La canneberge inhibe le d\u00e9veloppement des germes pathog\u00e8nes. Tr\u00e8s riche en vitamine C, elle poss\u00e8de \u00e9galement des vertus antioxydante. Nom scientifique : Vaccinum macrocarpon Noms communs : canneberge (airelle \u00e0 gros<\/p>\n","protected":false},"author":1,"featured_media":0,"parent":0,"menu_order":0,"comment_status":"closed","ping_status":"closed","template":"","meta":{"footnotes":""},"class_list":["post-1404","page","type-page","status-publish","hentry"],"_links":{"self":[{"href":"https:\/\/oriozen.fr\/index.php?rest_route=\/wp\/v2\/pages\/1404","targetHints":{"allow":["GET"]}}],"collection":[{"href":"https:\/\/oriozen.fr\/index.php?rest_route=\/wp\/v2\/pages"}],"about":[{"href":"https:\/\/oriozen.fr\/index.php?rest_route=\/wp\/v2\/types\/page"}],"author":[{"embeddable":true,"href":"https:\/\/oriozen.fr\/index.php?rest_route=\/wp\/v2\/users\/1"}],"replies":[{"embeddable":true,"href":"https:\/\/oriozen.fr\/index.php?rest_route=%2Fwp%2Fv2%2Fcomments&post=1404"}],"version-history":[{"count":4,"href":"https:\/\/oriozen.fr\/index.php?rest_route=\/wp\/v2\/pages\/1404\/revisions"}],"predecessor-version":[{"id":1411,"href":"https:\/\/oriozen.fr\/index.php?rest_route=\/wp\/v2\/pages\/1404\/revisions\/1411"}],"wp:attachment":[{"href":"https:\/\/oriozen.fr\/index.php?rest_route=%2Fwp%2Fv2%2Fmedia&parent=1404"}],"curies":[{"name":"wp","href":"https:\/\/api.w.org\/{rel}","templated":true}]}}