{"id":1387,"date":"2019-05-28T14:17:28","date_gmt":"2019-05-28T14:17:28","guid":{"rendered":"https:\/\/oriozen.fr\/?page_id=1387"},"modified":"2019-05-28T15:44:06","modified_gmt":"2019-05-28T15:44:06","slug":"pierre-de-shungite-2","status":"publish","type":"page","link":"https:\/\/oriozen.fr\/?page_id=1387","title":{"rendered":"Pierre de Shungite"},"content":{"rendered":"<p>[vc_row][vc_column width=&#8221;1\/2&#8243; icons_position=&#8221;left&#8221;][vc_column_text]<\/p>\n<h3>Histoire de la pierre shungite<\/h3>\n<p>Cette roche appel\u00e9e <strong>shungite<\/strong>, mais parfois aussi Chingite ou Schingite porte le m\u00eame nom que le village de Russie dont elle est extraite. Pr\u00e9sent aux abords du lac Onega, dans une r\u00e9gion du Nord-Ouest de la Car\u00e9lie, le petit village de Shunga d\u00e9tient le seul gisement connu \u00e0 ce jour de ce min\u00e9ral naturel. M\u00eame si elle r\u00e9pond en partie \u00e0 une structure assez proche des autres roches de par sa composition assez \u00e9lev\u00e9e en carbone, elle proviendrait en fait de la min\u00e9ralisation de planctons dont certains d\u00e9p\u00f4ts remonteraient \u00e0 plusieurs milliards d\u2019ann\u00e9es au minimum. Selon une l\u00e9gende russe, Pierre Le Grand aurait ouvert les premiers bains thermaux de Russie sur les gisements de la <strong>pierre shungite<\/strong>. La station thermale Martsialnye Vody aurait \u00e9t\u00e9 utilis\u00e9e pendant plus de trois si\u00e8cles afin de soigner et soulager malades. R\u00e9cemment certains pr\u00e9l\u00e8vements ont d\u00e9tect\u00e9s la pr\u00e9sence de fuller\u00e8nes, une mol\u00e9cule compos\u00e9e en partie de carbone, dans la composition de ces eaux thermales.<\/p>\n<p>Pierre Le Grand aurait m\u00eame recommand\u00e9 \u00e0 ses soldats une concoction \u00e0 base de shungite afin de lutter contre la dysenterie de fa\u00e7on efficace. Ces solutions curatives ont \u00e9t\u00e9 nomm\u00e9es \u00ab Eaux de Mars \u00bb par la suite. Durant les dix derni\u00e8res ann\u00e9es de sa vie il se serait reclus dans la station thermale qu\u2019il avait ouvert afin de soulager les malades et soigner toutes sortes de dysfonctionnements comme l\u2019\u00e9pilepsie et l\u2019ur\u00e9mie. En 1996, le prix Nobel de Chimie a \u00e9t\u00e9 d\u00e9cern\u00e9 aux professeurs Robert Curl, Richard Smalley et Harold Kroto par l\u2019Acad\u00e9mie Royale des Sciences de Su\u00e8de pour leur analyse des fuller\u00e8nes et la d\u00e9couverte de leur composition. D\u2019apr\u00e8s des recherches effectu\u00e9es par les m\u00e9decins de l\u2019Acad\u00e9mie Militaires de M\u00e9decine de Saint-P\u00e9tersbourg, ils en seraient venus \u00e0 la conclusion que l\u2019utilisation de ces eaux thermales serait b\u00e9n\u00e9fique dans le traitement de plusieurs maladies. De plus, l\u2019emploi de la roche de Shunga dans des pr\u00e9parations m\u00e9dicinales et des filtres \u00e0 eau serait extr\u00eamement utile \u00e0 une bonne r\u00e9gulation du corps. En partant de ce postulat, plusieurs concoctions curatives ont \u00e9t\u00e9 mises au point \u00e0 partir de ce min\u00e9ral. Voici un petit extrait de la collection des Lois et Histoires de l\u2019Empire Russe de 1649, Tome 5 : \u00ab\u00a0<i>Il (Pierre Le Grand) a eu la bienveillance de nous montrer ici cette eau curative dont l\u2019effet a \u00e9t\u00e9 t\u00e9moign\u00e9, non seulement par la gu\u00e9rison des malades, mais aussi par nous-m\u00eames avec notre famille et plusieurs personnes nobles qui en ont tir\u00e9 profit beaucoup plus s\u00fbrement que toutes les autres eaux de sources connues !<\/i>\u00a0\u00bb.<\/p>\n<p>, nous ne savons toujours pas quelle est sa composition exacte et des recherches sont en cours pour le r\u00e9v\u00e9ler. De nombreux th\u00e9rapeutes reconnaissent non seulement son action b\u00e9n\u00e9fique, mais l\u2019emploient \u00e9galement r\u00e9guli\u00e8rement dans leurs pratiques curatives. Il est de notori\u00e9t\u00e9 dans la lithoth\u00e9rapie de n\u2019utiliser que des roches dont les caract\u00e9ristiques sont \u00e9tablies et v\u00e9rifi\u00e9es depuis longtemps. Son pouvoir de protection est \u00e9tablit depuis maintenant plusieurs centaines d\u2019ann\u00e9es. La tr\u00e8s connue cath\u00e9drale Isaac de Saint-P\u00e9tersbourg, construite entre 1801 et 1881, est un exemple parfait pour illustrer la connaissance des actions b\u00e9n\u00e9fiques de la <strong>pierre shungite<\/strong>. Les constructeurs y ont d\u00e9pos\u00e9 une plinthe en cette m\u00eame roche sur 25 centim\u00e8tres de hauteur. Les papiers de recherches continuent d\u2019affluer en faveur de ce min\u00e9ral et prouvent son impact b\u00e9n\u00e9fique sur les champs \u00e9lectromagn\u00e9tiques et les zones g\u00e9opathologiques. La shungite est efficace \u00e0 l\u2019encontre des rayonnements \u00e9lectromagn\u00e9tiques pr\u00e9venants des ondes cellulaires, des ondes wifi, des t\u00e9l\u00e9viseurs et de tout ustensile \u00e9lectrique.<\/p>\n<h3>Origine et composition de la pierre shungite<\/h3>\n<p>Dans le commerce on peut trouver de nombreuses roches qui r\u00e9pondent au nom de <strong>shungite<\/strong> et paraissent, au premier abord, totalement diff\u00e9rentes. Ceci s\u2019explique tr\u00e8s simplement gr\u00e2ce aux diff\u00e9rentes concentrations de fuller\u00e8nes dont les roches sont pourvues. Ainsi, voici les deux minerais de Shunga trouv\u00e9es le plus couramment :<\/p>\n<ul>\n<li>la shungite argent\u00e9e : c\u2019est celle qui en comporte le plus dans sa composition, pr\u00e8s de 98%. Elle ne repr\u00e9sente qu\u2019\u00e0 peu pr\u00e8s 1% de de la masse totale que l\u2019on peut trouver dans les gisements et repr\u00e9sente donc la forme la plus rare \u00e0 ce jour. Elle est facilement reconnaissable gr\u00e2ce \u00e0 ses cassures concho\u00efdales et les petites veines de couleur ocre qui la diff\u00e9rencient sont en fait de la Jarosite, un sulfate de fer qui est du \u00e0 l\u2019oxydation de Pyrite ;<\/li>\n<li>la shungite noire : c\u2019est sous ce profil qu\u2019elle est la plus connue et la plus utilis\u00e9e. D\u2019une part parce qu\u2019on la trouve en beaucoup plus grande quantit\u00e9 et d\u2019autre part car elle est plus simple \u00e0 tailler et polir du fait de sa plus faible teneur en fuller\u00e8nes (entre 50% et 70%).<\/li>\n<\/ul>\n<p>Quand on descend en dessous de 50% de teneur, on ne parle plus de <strong>pierre shungite<\/strong> \u00e0 proprement parler, mais de <em>\u00ab roche de shungite \u00bb<\/em>. Il est bon de savoir qu\u2019\u00e0 taille \u00e9gale, plus le minerai est lourd moins il est pur car il contient plus de silice. Ses caract\u00e9ristiques \u00e9nerg\u00e9tiques seront donc d\u00e9croissantes mais pas nulles. La shungite d\u2019un noir profond qui date du pr\u00e9cambrien est un \u00e9tat transitoire entre l\u2019anthracite et le graphite. A l\u2019heure actuelle il n\u2019existe pas de roche avec les m\u00eames caract\u00e9ristiques curatives au monde. Quand on la baigne dans de l\u2019eau elle d\u00e9voile tout son potentiel curatif et permet de soulager de nombreuses maladies dont la parodontose ou le diab\u00e8te et certaines affections de la peau. Il n\u2019existe pas d\u2019autres pierres similaires comportant des fuller\u00e8nes (d\u00e9couverte r\u00e9cente d\u2019un genre allotropique du carbone compos\u00e9e d\u2019ions sph\u00e9riques). V\u00e9ritable don du ciel, la <strong>pierre shungite\u00a0<\/strong>permet d\u2019am\u00e9liorer son \u00e9tat de sant\u00e9 en pr\u00e9servant le bon fonctionnement de notre syst\u00e8me immunitaire.<\/p>\n<p>&nbsp;<\/p>\n<p>[\/vc_column_text][\/vc_column][vc_column width=&#8221;1\/2&#8243;][vc_single_image image=&#8221;1302&#8243; img_size=&#8221;large&#8221; alignment=&#8221;center&#8221; style=&#8221;vc_box_shadow_3d&#8221; css_animation=&#8221;bounceIn&#8221;][\/vc_column][\/vc_row][vc_row][vc_column icons_position=&#8221;left&#8221;][vc_column_text]<\/p>\n<h3>Vertus et propri\u00e9t\u00e9s de la pierre shungite en lithoth\u00e9rapie<\/h3>\n<h4>Les vertus et propri\u00e9t\u00e9s de la pierre shungite sur le plan mental<\/h4>\n<p>Le minerai de Shunga a un profond effet d\u2019ancrage, il nous permet de recentrer nos \u00e9nergies avec la Terre. Il effectue un travail d\u2019alignement de nos corps \u00e9nerg\u00e9tiques et permet \u00e0 nos chakras de recommencer \u00e0 fonctionner en harmonie. La <strong>pierre shungite<\/strong> aux nombreuses caract\u00e9ristiques prot\u00e8ge efficacement contre toutes les influences n\u00e9gatives. Utilis\u00e9e sous forme de pendentif, elle vous permettra de toujours la porter sur vous.<\/p>\n<h4>Les vertus et propri\u00e9t\u00e9s de la pierre shungite sur le plan physique<\/h4>\n<p>C\u2019est une roche qui a avant tout \u00e9t\u00e9 utilis\u00e9e dans un but curatif depuis plusieurs si\u00e8cles. On lui a trouv\u00e9 de nombreuses caract\u00e9ristiques d\u2019aides \u00e0 la convalescence en renfor\u00e7ant le m\u00e9tabolisme \u00e9nerg\u00e9tique des malades. Elle active la circulation des fluides corporels et permet un regain d\u2019\u00e9nergie. Elle harmonise efficacement l\u2019environnement dans lequel elle est plac\u00e9e et en plus de neutraliser les rayonnements nocifs sur notre corps (micro-ondes, cellulaires, wifi, etc.), elle r\u00e9pare les d\u00e9g\u00e2ts occasionn\u00e9s par ceux-ci. Porter une <strong>pierre de shungite<\/strong> en pendentif ou dans sa poche est un moyen parfait pour se prot\u00e9ger durant ses activit\u00e9s professionnelles ou dans les transports en commun o\u00f9 les ondes \u00e9lectromagn\u00e9tiques sont le plus pr\u00e9sentes avec la multitude d\u2019appareils en activit\u00e9.<\/p>\n<p>&nbsp;<\/p>\n<p>[\/vc_column_text][vc_single_image image=&#8221;1293&#8243; img_size=&#8221;large&#8221; alignment=&#8221;center&#8221; style=&#8221;vc_box_shadow_3d&#8221; css_animation=&#8221;bounceIn&#8221;][\/vc_column][\/vc_row][vc_row][vc_column icons_position=&#8221;left&#8221;][lsvr_divider][\/vc_column][\/vc_row][vc_row][vc_column]<div class=\"woocommerce columns-4 \"><ul class=\"products\"><div  class=\"col-md-4 col-sm-6 col-xs-12\">\n\n\t<a href=\"https:\/\/oriozen.fr\/?product=pierres-de-shungite-pour-leau\" class=\"woocommerce-LoopProduct-link woocommerce-loop-product__link\">\n\n\t<img loading=\"lazy\" decoding=\"async\" width=\"990\" height=\"1920\" src=\"https:\/\/www.oriozen.fr\/wp-content\/uploads\/2019\/05\/60396258_472157306888952_2643472583080542208_n.jpg\" class=\"attachment-270x200 size-270x200 wp-post-image\" alt=\"\" srcset=\"https:\/\/www.oriozen.fr\/wp-content\/uploads\/2019\/05\/60396258_472157306888952_2643472583080542208_n.jpg 990w, https:\/\/www.oriozen.fr\/wp-content\/uploads\/2019\/05\/60396258_472157306888952_2643472583080542208_n-800x1552.jpg 800w, https:\/\/www.oriozen.fr\/wp-content\/uploads\/2019\/05\/60396258_472157306888952_2643472583080542208_n-768x1489.jpg 768w, https:\/\/www.oriozen.fr\/wp-content\/uploads\/2019\/05\/60396258_472157306888952_2643472583080542208_n-361x700.jpg 361w, https:\/\/www.oriozen.fr\/wp-content\/uploads\/2019\/05\/60396258_472157306888952_2643472583080542208_n-600x1164.jpg 600w, https:\/\/www.oriozen.fr\/wp-content\/uploads\/2019\/05\/60396258_472157306888952_2643472583080542208_n-770x1493.jpg 770w, https:\/\/www.oriozen.fr\/wp-content\/uploads\/2019\/05\/60396258_472157306888952_2643472583080542208_n-370x718.jpg 370w\" sizes=\"auto, (max-width: 990px) 100vw, 990px\" data-wp-pid=\"1301\" \/>\n\t<h4><a href=\"https:\/\/oriozen.fr\/?product=pierres-de-shungite-pour-leau\">Pierres de shungite pour l&#8217;eau 370 g<\/a><\/h4>\n\n\t<div class=\"ratings clearfix\">\n\t\t\t<\/div>\n\t\n\t<div class=\"product-price clearfix\">\n\n\t\t\t\t\t<span class=\"woocommerce-Price-amount amount\">30,00<span class=\"woocommerce-Price-currencySymbol\">&euro;<\/span><\/span>\t\t\n\t\t<\/a><a href=\"?add-to-cart=1354\" rel=\"nofollow\" data-product_id=\"1354\" data-product_sku=\"\" class=\"button add_to_cart_button product_type_1354\">Add to cart<\/a>\n\t<\/div>\n\n    <!--<\/a>-->\n\n<\/div>\n<\/ul><\/div><div class=\"woocommerce columns-4 \"><\/div>[\/vc_column][\/vc_row]<\/p>\n","protected":false},"excerpt":{"rendered":"<p>[vc_row][vc_column width=&#8221;1\/2&#8243; icons_position=&#8221;left&#8221;][vc_column_text] Histoire de la pierre shungite Cette roche appel\u00e9e shungite, mais parfois aussi Chingite ou Schingite porte le m\u00eame nom que le village de Russie dont elle est extraite. Pr\u00e9sent aux abords du lac Onega, dans une r\u00e9gion du Nord-Ouest de la Car\u00e9lie, le petit village de Shunga d\u00e9tient le seul gisement connu<\/p>\n","protected":false},"author":1,"featured_media":0,"parent":0,"menu_order":0,"comment_status":"closed","ping_status":"closed","template":"","meta":{"footnotes":""},"class_list":["post-1387","page","type-page","status-publish","hentry"],"_links":{"self":[{"href":"https:\/\/oriozen.fr\/index.php?rest_route=\/wp\/v2\/pages\/1387","targetHints":{"allow":["GET"]}}],"collection":[{"href":"https:\/\/oriozen.fr\/index.php?rest_route=\/wp\/v2\/pages"}],"about":[{"href":"https:\/\/oriozen.fr\/index.php?rest_route=\/wp\/v2\/types\/page"}],"author":[{"embeddable":true,"href":"https:\/\/oriozen.fr\/index.php?rest_route=\/wp\/v2\/users\/1"}],"replies":[{"embeddable":true,"href":"https:\/\/oriozen.fr\/index.php?rest_route=%2Fwp%2Fv2%2Fcomments&post=1387"}],"version-history":[{"count":4,"href":"https:\/\/oriozen.fr\/index.php?rest_route=\/wp\/v2\/pages\/1387\/revisions"}],"predecessor-version":[{"id":1396,"href":"https:\/\/oriozen.fr\/index.php?rest_route=\/wp\/v2\/pages\/1387\/revisions\/1396"}],"wp:attachment":[{"href":"https:\/\/oriozen.fr\/index.php?rest_route=%2Fwp%2Fv2%2Fmedia&parent=1387"}],"curies":[{"name":"wp","href":"https:\/\/api.w.org\/{rel}","templated":true}]}}