{"id":1184,"date":"2019-05-01T17:28:56","date_gmt":"2019-05-01T17:28:56","guid":{"rendered":"http:\/\/oriozen.fr\/?page_id=1184"},"modified":"2019-05-28T14:58:13","modified_gmt":"2019-05-28T14:58:13","slug":"new-protex-2","status":"publish","type":"page","link":"https:\/\/oriozen.fr\/?page_id=1184","title":{"rendered":"NEW-PROTEX"},"content":{"rendered":"<p>[vc_row][vc_column][vc_column_text]Protections pour les t\u00e9l\u00e9phones et ordinateurs portables, les t\u00e9l\u00e9phones sans fil, le wi-fi, le 50 hertz.<\/p>\n<p>Les diff\u00e9rentes inventions NEW PROTEX contre les pollutions \u00e9lectromagn\u00e9tiques ont obtenu, sur le m\u00eame principe de d\u00e9phasage, en 1999 la m\u00e9daille d&#8217;argent \u00e0 Gen\u00e8ve, la m\u00e9daille de bronze \u00e0 Bruxelles et en 2008 la m\u00e9daille d&#8217;or au Concours L\u00e9pine \u00e0 Paris.<\/p>\n<p>Les diff\u00e9rentes protections :<\/p>\n<p>La plaquette PHONE d\u2019un diam\u00e8tre de 28 mm couvre de 800Mhz \u00e0 7Ghz soit les gammes UHF (TV), GSM, DECT, GPS, UMST, BLUETOOTH, WIFI, WIMAX et bien au-del\u00e0, plus les basses fr\u00e9quences diverses de 0Hz \u00e0 100Khz + les harmoniques, dont le 50 Hz secteur.<\/p>\n<p>La plaquette ORDI est con\u00e7ue pour les ordinateurs portables, elle couvre de 800Mhz \u00e0 4Ghz, soit les gammes UHF, GSM, DECT, GPS, UMST, BLUETOOTH, WIFI, WIMAX et au-del\u00e0 par l\u2019harmonique 2, plus les basses fr\u00e9quences de 0Hz \u00e0 100Khz, dont le 50 Hz secteur.Les ordinateurs portables sont directement au contact des mains (coupure des m\u00e9ridiens de la m\u00e9decine \u00e9nerg\u00e9tique chinoise commen\u00e7ant ou finissant \u00e0 l&#8217;extr\u00e9mit\u00e9 des doitgs) ou du corps lorsqu&#8217;il est pos\u00e9 sur les genoux.<\/p>\n<p>La plaquette INDIV \u00ab pendentif individuel \u00bb d\u2019un diam\u00e8tre de 35 mm, couvre les m\u00eames fr\u00e9quences que la plaquette PHONE, pour la protection des pollutions \u00e9lectromagn\u00e9tiques g\u00e9n\u00e9rales environnantes. Elle se porte autour du cou ou dans la poche.[\/vc_column_text][vc_column_text]Protections pour les t\u00e9l\u00e9phones et ordinateurs portables, les t\u00e9l\u00e9phones sans fil, le wi-fi, le 50 hertz.<\/p>\n<p>Les diff\u00e9rentes inventions NEW PROTEX contre les pollutions \u00e9lectromagn\u00e9tiques ont obtenu, sur le m\u00eame principe de d\u00e9phasage, en 1999 la m\u00e9daille d&#8217;argent \u00e0 Gen\u00e8ve, la m\u00e9daille de bronze \u00e0 Bruxelles et en 2008 la m\u00e9daille d&#8217;or au Concours L\u00e9pine \u00e0 Paris.<\/p>\n<p>Les diff\u00e9rentes protections :<\/p>\n<p>La plaquette PHONE d\u2019un diam\u00e8tre de 28 mm couvre de 800Mhz \u00e0 7Ghz soit les gammes UHF (TV), GSM, DECT, GPS, UMST, BLUETOOTH, WIFI, WIMAX et bien au-del\u00e0, plus les basses fr\u00e9quences diverses de 0Hz \u00e0 100Khz + les harmoniques, dont le 50 Hz secteur.<\/p>\n<p>La plaquette ORDI est con\u00e7ue pour les ordinateurs portables, elle couvre de 800Mhz \u00e0 4Ghz, soit les gammes UHF, GSM, DECT, GPS, UMST, BLUETOOTH, WIFI, WIMAX et au-del\u00e0 par l\u2019harmonique 2, plus les basses fr\u00e9quences de 0Hz \u00e0 100Khz, dont le 50 Hz secteur.Les ordinateurs portables sont directement au contact des mains (coupure des m\u00e9ridiens de la m\u00e9decine \u00e9nerg\u00e9tique chinoise commen\u00e7ant ou finissant \u00e0 l&#8217;extr\u00e9mit\u00e9 des doitgs) ou du corps lorsqu&#8217;il est pos\u00e9 sur les genoux.<\/p>\n<p>La plaquette INDIV \u00ab pendentif individuel \u00bb d\u2019un diam\u00e8tre de 35 mm, couvre les m\u00eames fr\u00e9quences que la plaquette PHONE, pour la protection des pollutions \u00e9lectromagn\u00e9tiques g\u00e9n\u00e9rales environnantes. Elle se porte autour du cou ou dans la poche.[\/vc_column_text][\/vc_column][\/vc_row][vc_row][vc_column][lsvr_divider]<div class=\"woocommerce columns-4 \"><\/div>[\/vc_column][\/vc_row]<\/p>\n","protected":false},"excerpt":{"rendered":"<p>[vc_row][vc_column][vc_column_text]Protections pour les t\u00e9l\u00e9phones et ordinateurs portables, les t\u00e9l\u00e9phones sans fil, le wi-fi, le 50 hertz. Les diff\u00e9rentes inventions NEW PROTEX contre les pollutions \u00e9lectromagn\u00e9tiques ont obtenu, sur le m\u00eame principe de d\u00e9phasage, en 1999 la m\u00e9daille d&#8217;argent \u00e0 Gen\u00e8ve, la m\u00e9daille de bronze \u00e0 Bruxelles et en 2008 la m\u00e9daille d&#8217;or au Concours L\u00e9pine<\/p>\n","protected":false},"author":1,"featured_media":0,"parent":0,"menu_order":0,"comment_status":"closed","ping_status":"closed","template":"","meta":{"footnotes":""},"class_list":["post-1184","page","type-page","status-publish","hentry"],"_links":{"self":[{"href":"https:\/\/oriozen.fr\/index.php?rest_route=\/wp\/v2\/pages\/1184","targetHints":{"allow":["GET"]}}],"collection":[{"href":"https:\/\/oriozen.fr\/index.php?rest_route=\/wp\/v2\/pages"}],"about":[{"href":"https:\/\/oriozen.fr\/index.php?rest_route=\/wp\/v2\/types\/page"}],"author":[{"embeddable":true,"href":"https:\/\/oriozen.fr\/index.php?rest_route=\/wp\/v2\/users\/1"}],"replies":[{"embeddable":true,"href":"https:\/\/oriozen.fr\/index.php?rest_route=%2Fwp%2Fv2%2Fcomments&post=1184"}],"version-history":[{"count":16,"href":"https:\/\/oriozen.fr\/index.php?rest_route=\/wp\/v2\/pages\/1184\/revisions"}],"predecessor-version":[{"id":1395,"href":"https:\/\/oriozen.fr\/index.php?rest_route=\/wp\/v2\/pages\/1184\/revisions\/1395"}],"wp:attachment":[{"href":"https:\/\/oriozen.fr\/index.php?rest_route=%2Fwp%2Fv2%2Fmedia&parent=1184"}],"curies":[{"name":"wp","href":"https:\/\/api.w.org\/{rel}","templated":true}]}}