{"id":1015,"date":"2019-04-28T16:54:51","date_gmt":"2019-04-28T16:54:51","guid":{"rendered":"https:\/\/oriozen.live-website.com\/?page_id=1015"},"modified":"2019-07-23T12:37:01","modified_gmt":"2019-07-23T12:37:01","slug":"la-maca-inca-pachacutec","status":"publish","type":"page","link":"https:\/\/oriozen.fr\/?page_id=1015","title":{"rendered":"La Maca Inca Pachacutec"},"content":{"rendered":"<p>[vc_row][vc_column icons_position=&#8221;left&#8221;][vc_column_text css_animation=&#8221;bounceInLeft&#8221;]La Maca Inca Pachacutec est 100% pure et naturelle et provient exclusivement des hauts plateaux de la Cordill\u00e8re des Andes. Elle est import\u00e9e du P\u00e9rou par la SARL Compagnie de Commerce Tradi-Ethnique. Kallawaya Direct, le d\u00e9partement d\u2019exportation, a \u00e9t\u00e9 cr\u00e9\u00e9 en hommage aux communaut\u00e9s Kallawaya, peuple \u00e9tonnant d\u2019herboristes itin\u00e9rants, vivant les hauteurs de cordill\u00e8re Apolobamba, sur la fronti\u00e8re qui s\u00e9pare la Bolivie du P\u00e9rou. Leur savoir ancestral a \u00e9t\u00e9 class\u00e9 par l\u2019Unesco dans le patrimoine oral et immat\u00e9riel de l\u2019Humanit\u00e9.[\/vc_column_text][vc_empty_space][\/vc_column][\/vc_row][vc_row][vc_column width=&#8221;2\/3&#8243;][vc_column_text css_animation=&#8221;bounceInLeft&#8221;]Kallawaya Direct, avec une part importante du produit de la vente de la Maca et d\u2019autres plantes m\u00e9dicinales rares, s\u2019efforce d\u2019aider utilement les autochtones avec lesquels nous travaillons en cr\u00e9ant des emplois dans les zones rurales isol\u00e9es et participe au programme d\u2019\u00e9ducation des enfants des communes.<\/p>\n<p>La Maca Inca Pachacutec est recueillie sur les hauts plateaux des Andes, \u00e0 plus de 4300 m\u00e8tres d\u2019altitude, au P\u00e9rou, dans la Province \u00e9lev\u00e9e de Pasco sur des terres vierges, qui, de m\u00e9moire humaine, n\u2019ont jamais connu de cultures intensives. Aucun engrais chimique ni aucun pesticide ne sont utilis\u00e9s et elle est r\u00e9put\u00e9e \u00ab biologique \u00bb.<\/p>\n<p>La Maca Inca Pachacutec est produite par une famille du village de Shelby, la famille Chavez Palacin, \u00e0 plus de 4300 m\u00e8tres d\u2019altitude qui vit de l\u2019\u00e9levage du mouton et de \u00ab cuyes \u00bb (cochons d\u2019inde) ainsi que du tissage de la laine. Nous achetons aussi la maca recueillie par Estela Huerta de Castillo dont les terres sont situ\u00e9es sur le versant ensoleill\u00e9 de \u00abl\u2019Apu\u00bb qui domine le lac de Junin. Estela est une derni\u00e8re descendante du peuple des Pumpush qui \u00e9tait les premiers hommes \u00e0 avoir d\u00e9couvert les secrets de lamaca. Estela recueille lamaca comme<br \/>\nle faisait ses anc\u00eatres. La Maca Inca Pachacutec est s\u00e9ch\u00e9e au soleil et en altitude pendant plusieurs mois selon des proc\u00e9d\u00e9s ancestraux, apr\u00e8s avoir \u00e9t\u00e9 lav\u00e9e dans l\u2019eau pure des torrents et les petites racines (caract\u00e9ristique d\u2019une provenance biologique) s\u00e9ch\u00e9es sont ensuite confi\u00e9es \u00e0 Kallawaya Direct qui les fait traiter et r\u00e9duire en poudre dans l\u2019usine la plus moderne du P\u00e9rou, (r\u00e9gion de Junin) dans des conditions de s\u00e9curit\u00e9 et asepsies identiques \u00e0 la rigueur des meilleurs laboratoires pharmaceutiques europ\u00e9ens ou am\u00e9ricains.[\/vc_column_text][vc_empty_space][\/vc_column][vc_column width=&#8221;1\/3&#8243;][vc_single_image image=&#8221;1309&#8243; img_size=&#8221;large&#8221; alignment=&#8221;center&#8221; style=&#8221;vc_box_shadow&#8221; css_animation=&#8221;fadeInDown&#8221;][\/vc_column][\/vc_row][vc_row][vc_column][vc_empty_space][\/vc_column][\/vc_row][vc_row][vc_column]<div class=\"woocommerce columns-4 \"><\/div>[\/vc_column][\/vc_row]<\/p>\n","protected":false},"excerpt":{"rendered":"<p>[vc_row][vc_column icons_position=&#8221;left&#8221;][vc_column_text css_animation=&#8221;bounceInLeft&#8221;]La Maca Inca Pachacutec est 100% pure et naturelle et provient exclusivement des hauts plateaux de la Cordill\u00e8re des Andes. Elle est import\u00e9e du P\u00e9rou par la SARL Compagnie de Commerce Tradi-Ethnique. Kallawaya Direct, le d\u00e9partement d\u2019exportation, a \u00e9t\u00e9 cr\u00e9\u00e9 en hommage aux communaut\u00e9s Kallawaya, peuple \u00e9tonnant d\u2019herboristes itin\u00e9rants, vivant les hauteurs de<\/p>\n","protected":false},"author":1,"featured_media":0,"parent":0,"menu_order":0,"comment_status":"closed","ping_status":"closed","template":"","meta":{"footnotes":""},"class_list":["post-1015","page","type-page","status-publish","hentry"],"_links":{"self":[{"href":"https:\/\/oriozen.fr\/index.php?rest_route=\/wp\/v2\/pages\/1015","targetHints":{"allow":["GET"]}}],"collection":[{"href":"https:\/\/oriozen.fr\/index.php?rest_route=\/wp\/v2\/pages"}],"about":[{"href":"https:\/\/oriozen.fr\/index.php?rest_route=\/wp\/v2\/types\/page"}],"author":[{"embeddable":true,"href":"https:\/\/oriozen.fr\/index.php?rest_route=\/wp\/v2\/users\/1"}],"replies":[{"embeddable":true,"href":"https:\/\/oriozen.fr\/index.php?rest_route=%2Fwp%2Fv2%2Fcomments&post=1015"}],"version-history":[{"count":9,"href":"https:\/\/oriozen.fr\/index.php?rest_route=\/wp\/v2\/pages\/1015\/revisions"}],"predecessor-version":[{"id":1469,"href":"https:\/\/oriozen.fr\/index.php?rest_route=\/wp\/v2\/pages\/1015\/revisions\/1469"}],"wp:attachment":[{"href":"https:\/\/oriozen.fr\/index.php?rest_route=%2Fwp%2Fv2%2Fmedia&parent=1015"}],"curies":[{"name":"wp","href":"https:\/\/api.w.org\/{rel}","templated":true}]}}